{"id":519,"date":"2022-04-21T12:25:48","date_gmt":"2022-04-21T03:25:48","guid":{"rendered":"https:\/\/jpars.org\/online\/?page_id=519"},"modified":"2022-04-21T12:32:13","modified_gmt":"2022-04-21T03:32:13","slug":"kameyama-mitsuhiro","status":"publish","type":"page","link":"https:\/\/jpars.org\/online\/view-issue\/vol_6_2022\/authors_2022\/kameyama-mitsuhiro","title":{"rendered":"KAMEYAMA Mitsuhiro"},"content":{"rendered":"<p><strong>\u4e80\u5c71\u5149\u660e<\/strong><\/p>\n<p><strong>KAMEYAMA Mitsuhiro<\/strong> is a PhD candidate in the Department of Global Japanese Studies at Tohoku University. His research investigates discourses on Buddhist precepts within the framework of modern Japanese Buddhism, especially in connection to the formation of the concept of religion\/sh\u016bky\u014d. His MA thesis from Tohoku University received, in 2019, the fifth annual Nakamura Hajime Award in Eastern Thought and Culture, and will be published in 2022 as <em>Shaku Unsh\u014d to kairitsu no kindai <\/em>\u91c8\u96f2\u7167\u3068\u6212\u5f8b\u306e\u8fd1\u4ee3 [Shaku Unsh\u014d and the Modernity of Precepts], by H\u014dz\u014dkan, Kyoto.<\/p>\n","protected":false},"excerpt":{"rendered":"<p>\u4e80\u5c71\u5149\u660e KAMEYAMA Mitsuhiro is a PhD candidate in the Department of Global Japanese Studies at Tohoku University.  [&hellip;]<\/p>\n","protected":false},"author":1,"featured_media":0,"parent":528,"menu_order":3,"comment_status":"closed","ping_status":"closed","template":"","meta":[],"_links":{"self":[{"href":"https:\/\/jpars.org\/online\/wp-json\/wp\/v2\/pages\/519"}],"collection":[{"href":"https:\/\/jpars.org\/online\/wp-json\/wp\/v2\/pages"}],"about":[{"href":"https:\/\/jpars.org\/online\/wp-json\/wp\/v2\/types\/page"}],"author":[{"embeddable":true,"href":"https:\/\/jpars.org\/online\/wp-json\/wp\/v2\/users\/1"}],"replies":[{"embeddable":true,"href":"https:\/\/jpars.org\/online\/wp-json\/wp\/v2\/comments?post=519"}],"version-history":[{"count":1,"href":"https:\/\/jpars.org\/online\/wp-json\/wp\/v2\/pages\/519\/revisions"}],"predecessor-version":[{"id":520,"href":"https:\/\/jpars.org\/online\/wp-json\/wp\/v2\/pages\/519\/revisions\/520"}],"up":[{"embeddable":true,"href":"https:\/\/jpars.org\/online\/wp-json\/wp\/v2\/pages\/528"}],"wp:attachment":[{"href":"https:\/\/jpars.org\/online\/wp-json\/wp\/v2\/media?parent=519"}],"curies":[{"name":"wp","href":"https:\/\/api.w.org\/{rel}","templated":true}]}}