{"id":478,"date":"2020-04-26T21:50:21","date_gmt":"2020-04-26T12:50:21","guid":{"rendered":"http:\/\/jpars.org\/online\/?page_id=478"},"modified":"2020-04-26T21:57:12","modified_gmt":"2020-04-26T12:57:12","slug":"iseki-daisuke","status":"publish","type":"page","link":"https:\/\/jpars.org\/online\/view-issue\/vol-5\/authors2020\/iseki-daisuke","title":{"rendered":"Iseki Daisuke"},"content":{"rendered":"<p><strong>Iseki Daisuke<\/strong> is a Junior Research Fellow at Nanzan Institute for Religion and Culture, Nagoya, Japan. He studies the religious history in early modern and modern Japan. His recent publication includes \u201c\u5186\u4e86\u5996\u602a\u5b66\u306e\u57fa\u672c\u69cb\u9020\u306b\u3064\u3044\u3066 [On the Basic Structure of Enry\u014d\u2019s Mystery Studies]\u201d (<em>Ronsh\u016b Inoue Enry\u014d<\/em> \u8ad6\u96c6 \u4e95\u4e0a\u5186\u4e86, Inoue Enry\u014d Research Center ed., Ky\u014diku hy\u014dron sha, 2019).<\/p>\n","protected":false},"excerpt":{"rendered":"<p>Iseki Daisuke is a Junior Research Fellow at Nanzan Institute for Religion and Culture, Nagoya, Japan. He stud [&hellip;]<\/p>\n","protected":false},"author":1,"featured_media":0,"parent":468,"menu_order":3,"comment_status":"closed","ping_status":"closed","template":"","meta":[],"_links":{"self":[{"href":"https:\/\/jpars.org\/online\/wp-json\/wp\/v2\/pages\/478"}],"collection":[{"href":"https:\/\/jpars.org\/online\/wp-json\/wp\/v2\/pages"}],"about":[{"href":"https:\/\/jpars.org\/online\/wp-json\/wp\/v2\/types\/page"}],"author":[{"embeddable":true,"href":"https:\/\/jpars.org\/online\/wp-json\/wp\/v2\/users\/1"}],"replies":[{"embeddable":true,"href":"https:\/\/jpars.org\/online\/wp-json\/wp\/v2\/comments?post=478"}],"version-history":[{"count":1,"href":"https:\/\/jpars.org\/online\/wp-json\/wp\/v2\/pages\/478\/revisions"}],"predecessor-version":[{"id":479,"href":"https:\/\/jpars.org\/online\/wp-json\/wp\/v2\/pages\/478\/revisions\/479"}],"up":[{"embeddable":true,"href":"https:\/\/jpars.org\/online\/wp-json\/wp\/v2\/pages\/468"}],"wp:attachment":[{"href":"https:\/\/jpars.org\/online\/wp-json\/wp\/v2\/media?parent=478"}],"curies":[{"name":"wp","href":"https:\/\/api.w.org\/{rel}","templated":true}]}}