{"id":457,"date":"2020-04-26T19:50:07","date_gmt":"2020-04-26T10:50:07","guid":{"rendered":"http:\/\/jpars.org\/online\/?page_id=457"},"modified":"2020-05-03T12:21:07","modified_gmt":"2020-05-03T03:21:07","slug":"vol-5","status":"publish","type":"page","link":"https:\/\/jpars.org\/online\/view-issue\/vol-5","title":{"rendered":"vol. 5(2020)"},"content":{"rendered":"<p style=\"text-align: center;\"><em><strong>Religious Studies in Japan<\/strong><\/em><br \/>\n<strong>ISSN 2186-9952<\/strong><br \/>\n<strong><a href=\"http:\/\/jpars.org\/online\/view-issue\/vol-5\">Vol. 5 (2020)<\/a><\/strong><br \/>\n<strong>(Published online 27 April 2020)<\/strong><\/p>\n<p>&nbsp;<\/p>\n<p><a href=\"http:\/\/jpars.org\/online\/wp-content\/uploads\/2020\/04\/RSJ-vol5-01-Editors-foreword.pdf\"><strong>Foreword<\/strong><\/a><br \/>\n<a href=\"http:\/\/jpars.org\/online\/view-issue\/vol-5\/authors2020\/hoshino-seiji\">Hoshino Seiji<\/a><\/p>\n<p><strong>Articles<\/strong><br \/>\n<a href=\"http:\/\/jpars.org\/online\/wp-content\/uploads\/2020\/04\/RSJ-vol5-02-BESSHO.pdf\">Those Who Sell the Sacred Sites: The Economic Development of Contemporary Tibet and Popular Religious Spaces<\/a><br \/>\n<a href=\"http:\/\/jpars.org\/online\/view-issue\/vol-5\/authors2020\/bessho-yusuke\">Bessho Y\u016bsuke<\/a><\/p>\n<p><a href=\"http:\/\/jpars.org\/online\/wp-content\/uploads\/2020\/04\/RSJ-vol5-03-ISEKI.pdf\">Kumazawa Banzan\u2019s Ideas Regarding the \u201cGreat Way\u201d and \u201cShinto\u201d<\/a><br \/>\n<a href=\"http:\/\/jpars.org\/online\/view-issue\/vol-5\/authors2020\/iseki-daisuke\">Iseki Daisuke<\/a><\/p>\n<p><a href=\"http:\/\/jpars.org\/online\/wp-content\/uploads\/2020\/04\/RSJ-vol5-04-MITSUMATSU.pdf\">The Successors of Hirata Theology<\/a><br \/>\n<a href=\"http:\/\/jpars.org\/online\/view-issue\/vol-5\/authors2020\/mitsumatsu-makoto\">Mitsumatsu Makoto<\/a><\/p>\n<p><strong>Reviews<\/strong><\/p>\n<p><a href=\"http:\/\/jpars.org\/online\/wp-content\/uploads\/2020\/04\/RSJ-vol5-05-KATO.pdf\">Takahashi Norihito \u9ad8\u6a4b\u5178\u53f2, Shirahase Tatsuya \u767d\u6ce2\u702c\u9054\u4e5f, and Hoshino S\u014d \u661f\u91ce\u58ee, eds., Gendai Nihon no sh\u016bky\u014d to tabunka ky\u014dsei: Imin to chiiki shakai no kankeisei o saguru\u300e\u73fe\u4ee3\u65e5\u672c\u306e\u5b97\u6559\u3068\u591a\u6587\u5316\u5171\u751f\u2015\u79fb\u6c11\u3068\u5730\u57df\u793e\u4f1a\u306e\u95a2\u4fc2\u6027\u3092\u63a2\u308b\u300f<\/a><br \/>\nreviewed by <a href=\"http:\/\/jpars.org\/online\/view-issue\/vol-5\/authors2020\/masato-kato\">Kato Masato<\/a><\/p>\n<p><a href=\"http:\/\/jpars.org\/online\/wp-content\/uploads\/2020\/04\/RSJ-vol5-06-LYONS.pdf\">Nagaoka Takashi \u6c38\u5ca1\u5d07, Shinsh\u016bky\u014d to s\u014dryoku sen: Ky\u014dso igo o ikiru \u65b0\u5b97\u6559\u3068\u7dcf\u529b\u6226\u2015\u6559\u7956\u4ee5\u5f8c\u3092\u751f\u304d\u308b<\/a><br \/>\nreviewed by <a href=\"http:\/\/jpars.org\/online\/view-issue\/vol-5\/authors2020\/adam-lyons\">Adam Lyons<\/a><\/p>\n<p>&nbsp;<\/p>\n<p><a href=\"http:\/\/jpars.org\/online\/wp-content\/uploads\/2020\/04\/RSJ-vol5-book.pdf\"><img loading=\"lazy\" class=\"alignnone wp-image-456\" src=\"http:\/\/jpars.org\/online\/wp-content\/uploads\/2020\/04\/RSJ-vol5-cover_thm.jpg\" alt=\"\" width=\"156\" height=\"239\" srcset=\"https:\/\/jpars.org\/online\/wp-content\/uploads\/2020\/04\/RSJ-vol5-cover_thm.jpg 259w, https:\/\/jpars.org\/online\/wp-content\/uploads\/2020\/04\/RSJ-vol5-cover_thm-196x300.jpg 196w\" sizes=\"(max-width: 156px) 100vw, 156px\" \/><\/a><br \/>\nThe complete issue is\u00a0downloadable in PDF format.<\/p>\n","protected":false},"excerpt":{"rendered":"<p>Religious Studies in Japan ISSN 2186-9952 Vol. 5 (2020) (Published online 27 April 2020) &nbsp; Foreword Hoshi [&hellip;]<\/p>\n","protected":false},"author":1,"featured_media":0,"parent":20,"menu_order":5,"comment_status":"closed","ping_status":"closed","template":"","meta":[],"_links":{"self":[{"href":"https:\/\/jpars.org\/online\/wp-json\/wp\/v2\/pages\/457"}],"collection":[{"href":"https:\/\/jpars.org\/online\/wp-json\/wp\/v2\/pages"}],"about":[{"href":"https:\/\/jpars.org\/online\/wp-json\/wp\/v2\/types\/page"}],"author":[{"embeddable":true,"href":"https:\/\/jpars.org\/online\/wp-json\/wp\/v2\/users\/1"}],"replies":[{"embeddable":true,"href":"https:\/\/jpars.org\/online\/wp-json\/wp\/v2\/comments?post=457"}],"version-history":[{"count":14,"href":"https:\/\/jpars.org\/online\/wp-json\/wp\/v2\/pages\/457\/revisions"}],"predecessor-version":[{"id":499,"href":"https:\/\/jpars.org\/online\/wp-json\/wp\/v2\/pages\/457\/revisions\/499"}],"up":[{"embeddable":true,"href":"https:\/\/jpars.org\/online\/wp-json\/wp\/v2\/pages\/20"}],"wp:attachment":[{"href":"https:\/\/jpars.org\/online\/wp-json\/wp\/v2\/media?parent=457"}],"curies":[{"name":"wp","href":"https:\/\/api.w.org\/{rel}","templated":true}]}}