{"id":393,"date":"2018-02-28T13:45:19","date_gmt":"2018-02-28T04:45:19","guid":{"rendered":"http:\/\/jpars.org\/online\/?page_id=393"},"modified":"2018-02-28T13:45:45","modified_gmt":"2018-02-28T04:45:45","slug":"kuramoto-ryosuke","status":"publish","type":"page","link":"https:\/\/jpars.org\/online\/view-issue\/vol-4\/authors2018\/kuramoto-ryosuke","title":{"rendered":"Kuramoto Ryosuke"},"content":{"rendered":"<p><strong>Kuramoto Ryosuke<\/strong> is an Associate Professor in the Institute for Advanced Studies on Asia, the University of Tokyo. Specializing in the anthropology of religion, he has published a monograph on monks&#8217; lives in Therav\u0101da Buddhism in Myanmar (Burma), \u4e16\u4fd7\u3092\u751f\u304d\u308b\u51fa\u5bb6\u8005\u305f\u3061\u2014\u4e0a\u5ea7\u4ecf\u6559\u5f92\u793e\u4f1a\u30df\u30e3\u30f3\u30de\u30fc\u306b\u304a\u3051\u308b\u51fa\u5bb6\u751f\u6d3b\u306e\u6c11\u65cf\u8a8c [The Hermits Living in This World: An Ethnography of Renunciation in Therav\u0101da Buddhism in Myammar] (H\u014dz\u014dkan, 2014), which won the International Institute for the Study of Religions prize in 2016.<\/p>\n","protected":false},"excerpt":{"rendered":"<p>Kuramoto Ryosuke is an Associate Professor in the Institute for Advanced Studies on Asia, the University of To [&hellip;]<\/p>\n","protected":false},"author":1,"featured_media":0,"parent":383,"menu_order":4,"comment_status":"closed","ping_status":"closed","template":"","meta":[],"_links":{"self":[{"href":"https:\/\/jpars.org\/online\/wp-json\/wp\/v2\/pages\/393"}],"collection":[{"href":"https:\/\/jpars.org\/online\/wp-json\/wp\/v2\/pages"}],"about":[{"href":"https:\/\/jpars.org\/online\/wp-json\/wp\/v2\/types\/page"}],"author":[{"embeddable":true,"href":"https:\/\/jpars.org\/online\/wp-json\/wp\/v2\/users\/1"}],"replies":[{"embeddable":true,"href":"https:\/\/jpars.org\/online\/wp-json\/wp\/v2\/comments?post=393"}],"version-history":[{"count":1,"href":"https:\/\/jpars.org\/online\/wp-json\/wp\/v2\/pages\/393\/revisions"}],"predecessor-version":[{"id":394,"href":"https:\/\/jpars.org\/online\/wp-json\/wp\/v2\/pages\/393\/revisions\/394"}],"up":[{"embeddable":true,"href":"https:\/\/jpars.org\/online\/wp-json\/wp\/v2\/pages\/383"}],"wp:attachment":[{"href":"https:\/\/jpars.org\/online\/wp-json\/wp\/v2\/media?parent=393"}],"curies":[{"name":"wp","href":"https:\/\/api.w.org\/{rel}","templated":true}]}}