{"id":381,"date":"2018-02-28T13:24:53","date_gmt":"2018-02-28T04:24:53","guid":{"rendered":"http:\/\/jpars.org\/online\/?page_id=381"},"modified":"2020-04-26T22:12:47","modified_gmt":"2020-04-26T13:12:47","slug":"vol-4","status":"publish","type":"page","link":"https:\/\/jpars.org\/online\/view-issue\/vol-4","title":{"rendered":"vol. 4(2018)"},"content":{"rendered":"<p style=\"text-align: center;\"><strong><em>Religious Studies in Japan<\/em><\/strong><br \/>\n<strong> ISSN 2186-9952<\/strong><br \/>\n<a href=\"http:\/\/jpars.org\/online\/wp-content\/uploads\/2018\/02\/RSJ-vol4-full.pdf\"><strong> Vol. 4 (2018)<\/strong><\/a><br \/>\n<strong> (Published online 28 February 2018)<\/strong><\/p>\n<p><a href=\"http:\/\/jpars.org\/online\/wp-content\/uploads\/2018\/03\/RSJ-vol4-01-YAMANAKA-foreword.pdf\"><strong>Foreword<\/strong><\/a><br \/>\n<a href=\"http:\/\/jpars.org\/online\/view-issue\/vol-4\/authors2018\/yamanaka-hiroshi\">Yamanaka Hiroshi<\/a><br \/>\nvolume 4: 1-2<\/p>\n<p>&nbsp;<\/p>\n<p><strong>ARTICLES<\/strong><br \/>\n<a href=\"http:\/\/jpars.org\/online\/view-issue\/vol-4\/authors2018\/sakamoto-naoko\">Sakamoto Naoko<\/a><br \/>\n<a href=\"http:\/\/jpars.org\/online\/wp-content\/uploads\/2018\/03\/RSJ-vol4-02-SAKAMOTO.pdf\">The Key Attribute of Shinme<\/a><br \/>\n<a href=\"http:\/\/jpars.org\/online\/wp-content\/uploads\/2018\/03\/RSJ-vol4-02-SAKAMOTO.pdf\">Sacred Horses Dedicated to Ise Jing\u016b since 1865<\/a><br \/>\nvolume 4: 3-22<\/p>\n<p>&nbsp;<\/p>\n<p><a href=\"http:\/\/jpars.org\/online\/view-issue\/vol-4\/authors2018\/hikino-kyosuke\">Hikino Ky\u014dsuke<\/a><br \/>\n<a href=\"http:\/\/jpars.org\/online\/wp-content\/uploads\/2018\/03\/RSJ-vol4-03-HIKINO.pdf\">An Introduction to the History of<\/a><br \/>\n<a href=\"http:\/\/jpars.org\/online\/wp-content\/uploads\/2018\/03\/RSJ-vol4-03-HIKINO.pdf\">Buddhist Book Publishing in Modern Japan<\/a><br \/>\nvolume 4: 23-45<\/p>\n<p>&nbsp;<\/p>\n<p><a href=\"http:\/\/jpars.org\/online\/view-issue\/vol-4\/authors2018\/kuramoto-ryosuke\">Kuramoto Ry\u014dsuke<\/a><br \/>\n<a href=\"http:\/\/jpars.org\/online\/wp-content\/uploads\/2018\/03\/RSJ-vol4-04-KURAMOTO.pdf\">Monks\u2019 Lives Shaped by Food: A Case Study in Myanmar<\/a><br \/>\nvolume 4: 47-64<\/p>\n<p>&nbsp;<\/p>\n<p><a href=\"http:\/\/jpars.org\/online\/view-issue\/vol-4\/authors2018\/kurita-hidehiko\">Kurita Hidehiko<\/a><br \/>\n<a href=\"http:\/\/jpars.org\/online\/wp-content\/uploads\/2018\/03\/RSJ-vol4-05-KURITA.pdf\">The Notion of Sh\u016by\u014d and Conceptualizing the Future of<\/a><br \/>\n<a href=\"http:\/\/jpars.org\/online\/wp-content\/uploads\/2018\/03\/RSJ-vol4-05-KURITA.pdf\">Religion at the Turn of the Twentieth Century<\/a><br \/>\nvolume 4: 65-90<\/p>\n<p>&nbsp;<\/p>\n<p><a href=\"http:\/\/jpars.org\/online\/view-issue\/vol-4\/authors2018\/yamamoto-kayoko\">Yamamoto Kayoko<\/a><br \/>\n<a href=\"http:\/\/jpars.org\/online\/wp-content\/uploads\/2018\/03\/RSJ-vol4-06-YAMAMOTO.pdf\">Prayer of Nonreligious Spiritual Caregivers<\/a><br \/>\nvolume 4: 91-109<\/p>\n<p>&nbsp;<\/p>\n<p><strong>BOOK REVIEWS<\/strong><br \/>\n<a href=\"http:\/\/jpars.org\/online\/wp-content\/uploads\/2018\/03\/RSJ-vol4-07-KOIKE.pdf\">Erica Baffelli, <em>Media and New Religions in Japan<\/em><\/a><br \/>\nreviewed by <a href=\"http:\/\/jpars.org\/online\/view-issue\/vol-4\/authors2018\/koike-yasushi\">Koike Yasushi<\/a><br \/>\nvolume 4:111-113<\/p>\n<p>&nbsp;<\/p>\n<p><a href=\"http:\/\/jpars.org\/online\/wp-content\/uploads\/2018\/03\/RSJ-vol4-08-ZU.pdf\">Erik Schicketanz, <em>Daraku to fukk\u014d\u00a0no kindai Ch\u016bkoku Bukky\u014d: Nihon Bukky\u014d to no kaik\u014d to so\u00a0no rekishiz\u014d no k\u014dchiku<\/em><\/a><br \/>\nreviewed by <a href=\"http:\/\/jpars.org\/online\/view-issue\/vol-4\/authors2018\/jessica-zu\">Jessica Zu<\/a><br \/>\nvolume 4: 115-118<\/p>\n<p>&nbsp;<\/p>\n<p><a href=\"http:\/\/jpars.org\/online\/wp-content\/uploads\/2018\/03\/RSJ-vol4-09-SUGA.pdf\">Helen Hardacre, <em>Shinto: A History<\/em><\/a><br \/>\nreviewed by <a href=\"http:\/\/jpars.org\/online\/view-issue\/vol-4\/authors2018\/suga-koji\">Suga Koji<\/a><br \/>\nvolume 4: 119-124<\/p>\n<p>&nbsp;<\/p>\n<p><a href=\"http:\/\/jpars.org\/online\/wp-content\/uploads\/2018\/02\/RSJ-vol4-full.pdf\"><img loading=\"lazy\" title=\"RSJ03\" src=\"http:\/\/jpars.org\/online\/wp-content\/uploads\/2012\/04\/rsj01.gif\" alt=\"\" width=\"87\" height=\"96\" \/><\/a><br \/>\nThe complete issue is\u00a0downloadable in PDF format.<\/p>\n","protected":false},"excerpt":{"rendered":"<p>Religious Studies in Japan ISSN 2186-9952 Vol. 4 (2018) (Published online 28 February 2018) Foreword Yamanaka  [&hellip;]<\/p>\n","protected":false},"author":1,"featured_media":0,"parent":20,"menu_order":7,"comment_status":"closed","ping_status":"closed","template":"","meta":[],"_links":{"self":[{"href":"https:\/\/jpars.org\/online\/wp-json\/wp\/v2\/pages\/381"}],"collection":[{"href":"https:\/\/jpars.org\/online\/wp-json\/wp\/v2\/pages"}],"about":[{"href":"https:\/\/jpars.org\/online\/wp-json\/wp\/v2\/types\/page"}],"author":[{"embeddable":true,"href":"https:\/\/jpars.org\/online\/wp-json\/wp\/v2\/users\/1"}],"replies":[{"embeddable":true,"href":"https:\/\/jpars.org\/online\/wp-json\/wp\/v2\/comments?post=381"}],"version-history":[{"count":12,"href":"https:\/\/jpars.org\/online\/wp-json\/wp\/v2\/pages\/381\/revisions"}],"predecessor-version":[{"id":494,"href":"https:\/\/jpars.org\/online\/wp-json\/wp\/v2\/pages\/381\/revisions\/494"}],"up":[{"embeddable":true,"href":"https:\/\/jpars.org\/online\/wp-json\/wp\/v2\/pages\/20"}],"wp:attachment":[{"href":"https:\/\/jpars.org\/online\/wp-json\/wp\/v2\/media?parent=381"}],"curies":[{"name":"wp","href":"https:\/\/api.w.org\/{rel}","templated":true}]}}